{"id":50,"date":"2020-05-05T12:37:59","date_gmt":"2020-05-05T10:37:59","guid":{"rendered":"http:\/\/www.keuschnigg.eu\/tcgoing\/?page_id=50"},"modified":"2022-05-18T15:51:30","modified_gmt":"2022-05-18T13:51:30","slug":"reservierungskalender","status":"publish","type":"page","link":"https:\/\/www.tc-going.at\/","title":{"rendered":"Start"},"content":{"rendered":"\n<!--Liebe Tennisfreunde,\n<p>\nunter diesem <a href=\"https:\/\/www.oetv.at\/fileadmin\/oetv\/public\/Diverses\/Covid-19-Dokumente\/flyer_corona-verhaltensregeln_hq.pdf\" target=\"_blank\" rel=\"noopener noreferrer\">Link<\/a> findet ihr die wichtigsten Infos zu den \u00d6ffnungsschritten ab dem 19.05.2021 die uns auf der Tennisanlage und im Clubhaus betreffen.<br>\nBitte lest euch diese durch und haltet die Vorgaben ein, vielen Dank schon im Voraus an alle.\n<\/p>\n<p>\nKunden (Vereinsmitglieder, SpielerInnen, Zuseher \u2026\u2026.) d\u00fcrfen ab 19. Mai 2021 auf die Sportst\u00e4tte nur eingelassen werden, wenn diese einen GGG-Nachweis (*) vorweisen.\n<\/p>\n<p>\nSelbsttests auf der Anlage werden ebenso wie Schultests anerkannt, bei Kindern unter 10 Jahren entf\u00e4llt dieser Nachweis.&nbsp;\n<\/p>\n<p>\nAuf der gesamten Sportanlage, mit Ausnahme der Sportaus\u00fcbung oder der Benutzung von &nbsp;Feuchtr\u00e4umen, besteht eine FFP2-Masken-Tragepflicht.\n<\/p>\n<p>\nF\u00fcr Gastro-Bereiche gilt die Gastronomie-Regelung, also ebenso einen GGG-Nachweis und eine Registrierungspflicht;&nbsp;Sperrstunde 22:00 Uhr - ohne Ausnahme!, FFP2-Maskenpflicht (au\u00dfer man sitzt am Tisch);\n<\/p>\n<p>\nDas Betreten der Sportst\u00e4tte ist nur&nbsp;zwischen 05:00 und 22:00 Uhr&nbsp;erlaubt.\n<\/p>\n<p>\nAll die o.a. Punkte gelten generell (egal ob \u201eeinfach frei Tennis-Spielen\u201c, Training, Durchf\u00fchrung\/Abhaltung eines Mannschaftsbewerbs oder f\u00fcr den Turnierbetrieb.\n<\/p>\n<p>\n(*) GGG-Nachweis,: \u201eGGG\u201c bedeutet GETESTET, (oder) GENESEN, (oder) GEIMPFT\n<\/p>\n<p>\nSollte jemand seine FFP2 Maske vergessen (was wir nicht hoffen \ud83d\ude42 ), werden im Clubhaus Masken zur Verf\u00fcgung gestellt, sollte jemand keinen GGG-Nachweis dabei haben (was wir auch nicht hoffen),\ngibt es die M\u00f6glichkeit, im Clubhaus kostenlos einen Corona-Selbsttest zu machen (dieser muss im Beisein einer zweiten Person get\u00e4tigt werden). Bitte beachtet aber\ndass wir hier wirklich nur eine \"Notfall\"-Ration vorliegen haben. Wir bitten wir euch daher die Anlage wirklich nur mit einem GGG-Nachweis und einer FFP2 Maske zu betreten.\nUnd bitte nicht vergessen: unbedingt im Reservierungskalender eintragen, wenn ihr spielen geht; bitte immer alle Namen eintragen und bitte den Platz nicht doppelt buchen.\nDie beste \u00dcbersicht habt ihr, wenn ihr im Kalender rechts oben die Auswahl auf \"Planer\" stellt (zu Beginn ist immer \"Monat\" ausgew\u00e4hlt), bei Fragen meldet euch gerne.\n<\/p>\n<p>\nDiese Verordnung gilt aktuell bis 30.06.2021, wir hoffen danach auf weitere Erleichterungen. Sollte jemand Fragen hierzu haben, k\u00f6nnt ihr euch gerne jederzeit bei mir melden. <br>\nVielen Dank im Voraus an alle f\u00fcr die Einhaltung der Punkte und bis bald am Tennisplatz, wir freuen uns schon sehr auf euch alle.<br>\nUnd noch eine Info f\u00fcr dieses Wochenende, die Mannschaftsmeisterschaft startet gleich mit zwei Heimspielen:<br>\nSamstag ab 10:00 Uhr spielen die Damen gegen W\u00f6rgl<br>\nSonntag ab 09:00 Uhr spielen die Herren gegen Kirchdorf<br>\nWir w\u00fcnschen den Mannschaften viel Erfolg und eine tolle Meisterschaftssaison.\n<\/p>-->\n\n\n<!--<iframe loading=\"lazy\" src=\"https:\/\/kalender.digital\/994812dae926d9249c31\" width=\"800\" height=\"1000\"><\/iframe>-->\n\nNeuigkeiten und weitere Informationen zum TC Going findet ihr ab sofort in unserer neue Vereins-App.<br>\nAuch Platzreservierungen k\u00f6nnen \u00fcber die App ganz bequem vorgenommen werden.\n<br><br>\n\n<div style=\"font-weight: bold;\">Lade jetzt unsere Vereins-App herunter<\/div>\n<br>\n<a href=\"https:\/\/apps.apple.com\/de\/app\/id1611592351\" target=\"_blank\" rel=\"noopener noreferrer\">\n<img src=\"https:\/\/www.sassem.de\/defaults\/img\/ios.png?width=200\" width=\n=\"150\" style=\"width:150px; margin-bottom: 30px;\" alt=\"\" \/>\n<\/a>\n<br>\n<a href=\"https:\/\/play.google.com\/store\/apps\/details?id=de.jalixdesign.going\" target=\"_blank\" rel=\"noopener noreferrer\"><img src=\"https:\/\/www.sassem.de\/defaults\/img\/android.png?width=200\" width=\"145\" style=\"width:145px; margin-bottom:0px;\" alt=\"\"  \/>\n<\/a>\n\n<br><br>\nSelbstverst\u00e4ndlich k\u00f6nnen Platzreservierungen weiterhin per WhatsApp, unter der Nummer +43 664 8750234, vorgenommen werden.\n\n\n\n<p><\/p>\n","protected":false},"excerpt":{"rendered":"<p>Neuigkeiten und weitere Informationen zum TC Going findet ihr ab sofort in unserer neue Vereins-App. Auch Platzreservierungen k\u00f6nnen \u00fcber die App ganz bequem vorgenommen werden. Lade jetzt unsere Vereins-App herunter Selbstverst\u00e4ndlich k\u00f6nnen Platzreservierungen weiterhin per WhatsApp, unter der Nummer +43 664 8750234, vorgenommen werden.<\/p>\n","protected":false},"author":1,"featured_media":0,"parent":0,"menu_order":0,"comment_status":"closed","ping_status":"closed","template":"","meta":[],"_links":{"self":[{"href":"https:\/\/www.tc-going.at\/index.php?rest_route=\/wp\/v2\/pages\/50"}],"collection":[{"href":"https:\/\/www.tc-going.at\/index.php?rest_route=\/wp\/v2\/pages"}],"about":[{"href":"https:\/\/www.tc-going.at\/index.php?rest_route=\/wp\/v2\/types\/page"}],"author":[{"embeddable":true,"href":"https:\/\/www.tc-going.at\/index.php?rest_route=\/wp\/v2\/users\/1"}],"replies":[{"embeddable":true,"href":"https:\/\/www.tc-going.at\/index.php?rest_route=%2Fwp%2Fv2%2Fcomments&post=50"}],"version-history":[{"count":37,"href":"https:\/\/www.tc-going.at\/index.php?rest_route=\/wp\/v2\/pages\/50\/revisions"}],"predecessor-version":[{"id":150,"href":"https:\/\/www.tc-going.at\/index.php?rest_route=\/wp\/v2\/pages\/50\/revisions\/150"}],"wp:attachment":[{"href":"https:\/\/www.tc-going.at\/index.php?rest_route=%2Fwp%2Fv2%2Fmedia&parent=50"}],"curies":[{"name":"wp","href":"https:\/\/api.w.org\/{rel}","templated":true}]}}