{"id":112,"date":"2020-05-07T10:34:32","date_gmt":"2020-05-07T08:34:32","guid":{"rendered":"http:\/\/www.tc-going.at\/?page_id=112"},"modified":"2020-05-07T10:34:32","modified_gmt":"2020-05-07T08:34:32","slug":"vereinschronik","status":"publish","type":"page","link":"https:\/\/www.tc-going.at\/?page_id=112","title":{"rendered":"Vereinschronik"},"content":{"rendered":"\n<p>Die Erfolgsgeschichte des TC Going gibts nun auch als Fotobuch zum nachlesen. Bei Interesse einfach im Clubhaus nachfragen und bestellen.<\/p>\n\n\n\n<p>GR\u00dcNDUNGSGESCHICHTE DES TENNIS-CLUBS GOING<\/p>\n\n\n\n<p>Bereits in den 70er Jahren waren gegen\u00fcber dem Stanglwirt in der unteren Au Goinger im Tennissport aktiv. Als der Bau der Tennisanlage beim Stanglwirt (3-Platz-Tennishalle und 8 Freipl\u00e4tze) im Jahr 1978 seinem Ende zuging, wurde von den Partnern der vorgesehenen Betreibergesellschaft \u201eTENNISCAMPS INTERNATIONAL\u201c die Idee geboren, als Erg\u00e4nzung zum erwarteten Spielbetrieb der Hotelg\u00e4ste und der von ihnen aus Hawaii importierten renommierten Tennisschule \u201ePeter Burwash Intl.\u201c einen Tennisclub in Going ins Leben zu rufen. Die Absicht der 3 Partner \u2013 Alfred Rath und Ing. G\u00fcnther Kanzian aus Salzburg sowie Dr. Harald Herbert aus Kitzb\u00fchel (damals als Leiter der Tennis-Abteilung f\u00fcr Herrn KR Franz Kneissl t\u00e4tig) war, einen sportlich lebendigen Tennisbetrieb mit entsprechendem, gesellschaftlichem Flair zu entwickeln.<\/p>\n\n\n\n<p>Ein einheimischer Tennisclub, der bestm\u00f6glich durch organisiertes Training und Materialhilfe gef\u00f6rdert werden sollte, sollte sowohl der Anlage dieses Leben bringen als auch durch die Gr\u00fcndung des Vereins dem Dorf Going. So konnte gleichzeitig mit Hilfe einer gro\u00dfz\u00fcgigen Jugendf\u00f6rderung das Angebot f\u00fcr Kinder und Jugendliche im Ort ausgebaut werden. Die damaligen Goinger Tennisspieler, damit die Gr\u00fcndungsmitglieder u.a. Hermann Trixl sen., Balthasar Foidl, Josef Eder, Bartl Hofer, Reinhard Bauer u.a.m. waren sofort von dieser Idee angetan. Der Hausherr Balthasar Hauser war ebenfalls schnell \u00fcberzeugt. So \u00fcbernahm Dr. Harald Herbert, damals schon im Ausschuss des Kitzb\u00fcheler Tennisclubs und in der Organisation des Kitzb\u00fcheler Tennisturniers t\u00e4tig, die Gr\u00fcndung und gemeinsam mit den ersten Mitgliedern den Aufbau des neuen Clubs.<\/p>\n","protected":false},"excerpt":{"rendered":"<p>Die Erfolgsgeschichte des TC Going gibts nun auch als Fotobuch zum nachlesen. Bei Interesse einfach im Clubhaus nachfragen und bestellen. GR\u00dcNDUNGSGESCHICHTE DES TENNIS-CLUBS GOING Bereits in den 70er Jahren waren gegen\u00fcber dem Stanglwirt in der unteren Au Goinger im Tennissport aktiv. Als der Bau der Tennisanlage beim Stanglwirt (3-Platz-Tennishalle und 8 Freipl\u00e4tze) im Jahr 1978 &hellip; <\/p>\n<p class=\"link-more\"><a href=\"https:\/\/www.tc-going.at\/?page_id=112\" class=\"more-link\"><span class=\"screen-reader-text\">\u201eVereinschronik\u201c<\/span> weiterlesen<\/a><\/p>\n","protected":false},"author":1,"featured_media":0,"parent":0,"menu_order":0,"comment_status":"closed","ping_status":"closed","template":"","meta":[],"_links":{"self":[{"href":"https:\/\/www.tc-going.at\/index.php?rest_route=\/wp\/v2\/pages\/112"}],"collection":[{"href":"https:\/\/www.tc-going.at\/index.php?rest_route=\/wp\/v2\/pages"}],"about":[{"href":"https:\/\/www.tc-going.at\/index.php?rest_route=\/wp\/v2\/types\/page"}],"author":[{"embeddable":true,"href":"https:\/\/www.tc-going.at\/index.php?rest_route=\/wp\/v2\/users\/1"}],"replies":[{"embeddable":true,"href":"https:\/\/www.tc-going.at\/index.php?rest_route=%2Fwp%2Fv2%2Fcomments&post=112"}],"version-history":[{"count":1,"href":"https:\/\/www.tc-going.at\/index.php?rest_route=\/wp\/v2\/pages\/112\/revisions"}],"predecessor-version":[{"id":113,"href":"https:\/\/www.tc-going.at\/index.php?rest_route=\/wp\/v2\/pages\/112\/revisions\/113"}],"wp:attachment":[{"href":"https:\/\/www.tc-going.at\/index.php?rest_route=%2Fwp%2Fv2%2Fmedia&parent=112"}],"curies":[{"name":"wp","href":"https:\/\/api.w.org\/{rel}","templated":true}]}}